{"id":1124,"date":"2022-05-04T17:49:09","date_gmt":"2022-05-04T15:49:09","guid":{"rendered":"http:\/\/noemie-walter.fr\/?page_id=1124"},"modified":"2023-12-12T12:17:32","modified_gmt":"2023-12-12T11:17:32","slug":"bienvenue","status":"publish","type":"page","link":"https:\/\/noemie-walter.fr\/","title":{"rendered":"Sophrologue &#8211; Massoth\u00e9rapeute \u00e0 Bassemberg"},"content":{"rendered":"\t\t<div data-elementor-type=\"wp-page\" data-elementor-id=\"1124\" class=\"elementor elementor-1124\">\n\t\t\t\t\t\t<section class=\"elementor-section elementor-top-section elementor-element elementor-element-f6d68da elementor-section-boxed elementor-section-height-default elementor-section-height-default\" data-id=\"f6d68da\" data-element_type=\"section\">\n\t\t\t\t\t\t<div class=\"elementor-container elementor-column-gap-default\">\n\t\t\t\t\t<div class=\"elementor-column elementor-col-100 elementor-top-column elementor-element elementor-element-eacae5c\" data-id=\"eacae5c\" data-element_type=\"column\">\n\t\t\t<div class=\"elementor-widget-wrap elementor-element-populated\">\n\t\t\t\t\t\t<div class=\"elementor-element elementor-element-c8ac638 elementor-widget elementor-widget-image\" data-id=\"c8ac638\" data-element_type=\"widget\" data-widget_type=\"image.default\">\n\t\t\t\t<div class=\"elementor-widget-container\">\n\t\t\t<style>\/*! elementor - v3.22.0 - 24-06-2024 *\/\n.elementor-widget-image{text-align:center}.elementor-widget-image a{display:inline-block}.elementor-widget-image a img[src$=\".svg\"]{width:48px}.elementor-widget-image img{vertical-align:middle;display:inline-block}<\/style>\t\t\t\t\t\t\t\t\t\t<img fetchpriority=\"high\" decoding=\"async\" width=\"2560\" height=\"1377\" src=\"https:\/\/noemie-walter.fr\/wp-content\/uploads\/2022\/07\/Noemie_bandeau_type_BREE-scaled.jpg\" class=\"attachment-full size-full wp-image-1382\" alt=\"\" srcset=\"https:\/\/noemie-walter.fr\/wp-content\/uploads\/2022\/07\/Noemie_bandeau_type_BREE-scaled.jpg 2560w, https:\/\/noemie-walter.fr\/wp-content\/uploads\/2022\/07\/Noemie_bandeau_type_BREE-300x161.jpg 300w, https:\/\/noemie-walter.fr\/wp-content\/uploads\/2022\/07\/Noemie_bandeau_type_BREE-1024x551.jpg 1024w, https:\/\/noemie-walter.fr\/wp-content\/uploads\/2022\/07\/Noemie_bandeau_type_BREE-768x413.jpg 768w, https:\/\/noemie-walter.fr\/wp-content\/uploads\/2022\/07\/Noemie_bandeau_type_BREE-1536x826.jpg 1536w, https:\/\/noemie-walter.fr\/wp-content\/uploads\/2022\/07\/Noemie_bandeau_type_BREE-2048x1102.jpg 2048w\" sizes=\"(max-width: 2560px) 100vw, 2560px\" \/>\t\t\t\t\t\t\t\t\t\t\t\t\t<\/div>\n\t\t\t\t<\/div>\n\t\t\t\t\t<\/div>\n\t\t<\/div>\n\t\t\t\t\t<\/div>\n\t\t<\/section>\n\t\t\t\t<section class=\"elementor-section elementor-top-section elementor-element elementor-element-cdd2196 elementor-section-boxed elementor-section-height-default elementor-section-height-default\" data-id=\"cdd2196\" data-element_type=\"section\">\n\t\t\t\t\t\t<div class=\"elementor-container elementor-column-gap-default\">\n\t\t\t\t\t<div class=\"elementor-column elementor-col-100 elementor-top-column elementor-element elementor-element-ea36d01\" data-id=\"ea36d01\" data-element_type=\"column\">\n\t\t\t<div class=\"elementor-widget-wrap elementor-element-populated\">\n\t\t\t\t\t\t<div class=\"elementor-element elementor-element-478df08 elementor-arrows-position-inside elementor-pagination-position-outside elementor-widget elementor-widget-image-carousel\" data-id=\"478df08\" data-element_type=\"widget\" data-settings=\"{&quot;navigation&quot;:&quot;both&quot;,&quot;autoplay&quot;:&quot;yes&quot;,&quot;pause_on_hover&quot;:&quot;yes&quot;,&quot;pause_on_interaction&quot;:&quot;yes&quot;,&quot;autoplay_speed&quot;:5000,&quot;infinite&quot;:&quot;yes&quot;,&quot;speed&quot;:500,&quot;image_spacing_custom&quot;:{&quot;unit&quot;:&quot;px&quot;,&quot;size&quot;:20,&quot;sizes&quot;:[]},&quot;image_spacing_custom_tablet&quot;:{&quot;unit&quot;:&quot;px&quot;,&quot;size&quot;:&quot;&quot;,&quot;sizes&quot;:[]},&quot;image_spacing_custom_mobile&quot;:{&quot;unit&quot;:&quot;px&quot;,&quot;size&quot;:&quot;&quot;,&quot;sizes&quot;:[]}}\" data-widget_type=\"image-carousel.default\">\n\t\t\t\t<div class=\"elementor-widget-container\">\n\t\t\t<style>\/*! elementor - v3.22.0 - 24-06-2024 *\/\n.elementor-widget-image-carousel .swiper,.elementor-widget-image-carousel .swiper-container{position:static}.elementor-widget-image-carousel .swiper-container .swiper-slide figure,.elementor-widget-image-carousel .swiper .swiper-slide figure{line-height:inherit}.elementor-widget-image-carousel .swiper-slide{text-align:center}.elementor-image-carousel-wrapper:not(.swiper-container-initialized):not(.swiper-initialized) .swiper-slide{max-width:calc(100% \/ var(--e-image-carousel-slides-to-show, 3))}<\/style>\t\t<div class=\"elementor-image-carousel-wrapper swiper\" dir=\"ltr\">\n\t\t\t<div class=\"elementor-image-carousel swiper-wrapper\" aria-live=\"off\">\n\t\t\t\t\t\t\t\t<div class=\"swiper-slide\" role=\"group\" aria-roledescription=\"slide\" aria-label=\"1 sur 7\"><a data-elementor-open-lightbox=\"yes\" data-elementor-lightbox-slideshow=\"478df08\" data-elementor-lightbox-title=\"accueil-menu-prenons_BREE\" data-e-action-hash=\"#elementor-action%3Aaction%3Dlightbox%26settings%3DeyJpZCI6MTM3NiwidXJsIjoiaHR0cHM6XC9cL25vZW1pZS13YWx0ZXIuZnJcL3dwLWNvbnRlbnRcL3VwbG9hZHNcLzIwMjJcLzA3XC9hY2N1ZWlsLW1lbnUtcHJlbm9uc19CUkVFLTEuanBnIiwic2xpZGVzaG93IjoiNDc4ZGYwOCJ9\" href=\"http:\/\/noemie-walter.fr\/index.php\/accueil,http:\/\/noemie-walter.fr\/index.php\/mon-histoire\/,http:\/\/noemie-walter.fr\/index.php\/pratique\/,http:\/\/noemie-walter.fr\/index.php\/adultes\/,http:\/\/noemie-walter.fr\/index.php\/maternite\/,http:\/\/noemie-walter.fr\/index.php\/boutchoux\/,http:\/\/noemie-walter.fr\/index.php\/contact\/\"><figure class=\"swiper-slide-inner\"><img decoding=\"async\" class=\"swiper-slide-image\" src=\"https:\/\/noemie-walter.fr\/wp-content\/uploads\/2022\/07\/accueil-menu-prenons_BREE-1.jpg\" alt=\"accueil-menu-prenons_BREE\" \/><\/figure><\/a><\/div><div class=\"swiper-slide\" role=\"group\" aria-roledescription=\"slide\" aria-label=\"2 sur 7\"><a data-elementor-open-lightbox=\"yes\" data-elementor-lightbox-slideshow=\"478df08\" data-elementor-lightbox-title=\"accueil-menu-histoire_BREE\" data-e-action-hash=\"#elementor-action%3Aaction%3Dlightbox%26settings%3DeyJpZCI6MTM3NCwidXJsIjoiaHR0cHM6XC9cL25vZW1pZS13YWx0ZXIuZnJcL3dwLWNvbnRlbnRcL3VwbG9hZHNcLzIwMjJcLzA3XC9hY2N1ZWlsLW1lbnUtaGlzdG9pcmVfQlJFRS0xLmpwZyIsInNsaWRlc2hvdyI6IjQ3OGRmMDgifQ%3D%3D\" href=\"http:\/\/noemie-walter.fr\/index.php\/accueil,http:\/\/noemie-walter.fr\/index.php\/mon-histoire\/,http:\/\/noemie-walter.fr\/index.php\/pratique\/,http:\/\/noemie-walter.fr\/index.php\/adultes\/,http:\/\/noemie-walter.fr\/index.php\/maternite\/,http:\/\/noemie-walter.fr\/index.php\/boutchoux\/,http:\/\/noemie-walter.fr\/index.php\/contact\/\"><figure class=\"swiper-slide-inner\"><img decoding=\"async\" class=\"swiper-slide-image\" src=\"https:\/\/noemie-walter.fr\/wp-content\/uploads\/2022\/07\/accueil-menu-histoire_BREE-1.jpg\" alt=\"accueil-menu-histoire_BREE\" \/><\/figure><\/a><\/div><div class=\"swiper-slide\" role=\"group\" aria-roledescription=\"slide\" aria-label=\"3 sur 7\"><a data-elementor-open-lightbox=\"yes\" data-elementor-lightbox-slideshow=\"478df08\" data-elementor-lightbox-title=\"accueil-menu-pratique_BREE\" data-e-action-hash=\"#elementor-action%3Aaction%3Dlightbox%26settings%3DeyJpZCI6MTM3NSwidXJsIjoiaHR0cHM6XC9cL25vZW1pZS13YWx0ZXIuZnJcL3dwLWNvbnRlbnRcL3VwbG9hZHNcLzIwMjJcLzA3XC9hY2N1ZWlsLW1lbnUtcHJhdGlxdWVfQlJFRS0xLmpwZyIsInNsaWRlc2hvdyI6IjQ3OGRmMDgifQ%3D%3D\" href=\"http:\/\/noemie-walter.fr\/index.php\/accueil,http:\/\/noemie-walter.fr\/index.php\/mon-histoire\/,http:\/\/noemie-walter.fr\/index.php\/pratique\/,http:\/\/noemie-walter.fr\/index.php\/adultes\/,http:\/\/noemie-walter.fr\/index.php\/maternite\/,http:\/\/noemie-walter.fr\/index.php\/boutchoux\/,http:\/\/noemie-walter.fr\/index.php\/contact\/\"><figure class=\"swiper-slide-inner\"><img decoding=\"async\" class=\"swiper-slide-image\" src=\"https:\/\/noemie-walter.fr\/wp-content\/uploads\/2022\/07\/accueil-menu-pratique_BREE-1.jpg\" alt=\"accueil-menu-pratique_BREE\" \/><\/figure><\/a><\/div><div class=\"swiper-slide\" role=\"group\" aria-roledescription=\"slide\" aria-label=\"4 sur 7\"><a data-elementor-open-lightbox=\"yes\" data-elementor-lightbox-slideshow=\"478df08\" data-elementor-lightbox-title=\"accueil-menu-adultes_BREE\" data-e-action-hash=\"#elementor-action%3Aaction%3Dlightbox%26settings%3DeyJpZCI6MTM3MSwidXJsIjoiaHR0cHM6XC9cL25vZW1pZS13YWx0ZXIuZnJcL3dwLWNvbnRlbnRcL3VwbG9hZHNcLzIwMjJcLzA3XC9hY2N1ZWlsLW1lbnUtYWR1bHRlc19CUkVFLTEuanBnIiwic2xpZGVzaG93IjoiNDc4ZGYwOCJ9\" href=\"http:\/\/noemie-walter.fr\/index.php\/accueil,http:\/\/noemie-walter.fr\/index.php\/mon-histoire\/,http:\/\/noemie-walter.fr\/index.php\/pratique\/,http:\/\/noemie-walter.fr\/index.php\/adultes\/,http:\/\/noemie-walter.fr\/index.php\/maternite\/,http:\/\/noemie-walter.fr\/index.php\/boutchoux\/,http:\/\/noemie-walter.fr\/index.php\/contact\/\"><figure class=\"swiper-slide-inner\"><img decoding=\"async\" class=\"swiper-slide-image\" src=\"https:\/\/noemie-walter.fr\/wp-content\/uploads\/2022\/07\/accueil-menu-adultes_BREE-1.jpg\" alt=\"accueil-menu-adultes_BREE\" \/><\/figure><\/a><\/div><div class=\"swiper-slide\" role=\"group\" aria-roledescription=\"slide\" aria-label=\"5 sur 7\"><a data-elementor-open-lightbox=\"yes\" data-elementor-lightbox-slideshow=\"478df08\" data-elementor-lightbox-title=\"accueil-menu-maternite_BREE\" data-e-action-hash=\"#elementor-action%3Aaction%3Dlightbox%26settings%3DeyJpZCI6MTY0OCwidXJsIjoiaHR0cHM6XC9cL25vZW1pZS13YWx0ZXIuZnJcL3dwLWNvbnRlbnRcL3VwbG9hZHNcLzIwMjNcLzEyXC9hY2N1ZWlsLW1lbnUtbWF0ZXJuaXRlX0JSRUUuanBnIiwic2xpZGVzaG93IjoiNDc4ZGYwOCJ9\" href=\"http:\/\/noemie-walter.fr\/index.php\/accueil,http:\/\/noemie-walter.fr\/index.php\/mon-histoire\/,http:\/\/noemie-walter.fr\/index.php\/pratique\/,http:\/\/noemie-walter.fr\/index.php\/adultes\/,http:\/\/noemie-walter.fr\/index.php\/maternite\/,http:\/\/noemie-walter.fr\/index.php\/boutchoux\/,http:\/\/noemie-walter.fr\/index.php\/contact\/\"><figure class=\"swiper-slide-inner\"><img decoding=\"async\" class=\"swiper-slide-image\" src=\"https:\/\/noemie-walter.fr\/wp-content\/uploads\/2023\/12\/accueil-menu-maternite_BREE.jpg\" alt=\"accueil-menu-maternite_BREE\" \/><\/figure><\/a><\/div><div class=\"swiper-slide\" role=\"group\" aria-roledescription=\"slide\" aria-label=\"6 sur 7\"><a data-elementor-open-lightbox=\"yes\" data-elementor-lightbox-slideshow=\"478df08\" data-elementor-lightbox-title=\"accueil-menu-bebes_BREE\" data-e-action-hash=\"#elementor-action%3Aaction%3Dlightbox%26settings%3DeyJpZCI6MTM3MiwidXJsIjoiaHR0cHM6XC9cL25vZW1pZS13YWx0ZXIuZnJcL3dwLWNvbnRlbnRcL3VwbG9hZHNcLzIwMjJcLzA3XC9hY2N1ZWlsLW1lbnUtYmViZXNfQlJFRS0xLmpwZyIsInNsaWRlc2hvdyI6IjQ3OGRmMDgifQ%3D%3D\" href=\"http:\/\/noemie-walter.fr\/index.php\/accueil,http:\/\/noemie-walter.fr\/index.php\/mon-histoire\/,http:\/\/noemie-walter.fr\/index.php\/pratique\/,http:\/\/noemie-walter.fr\/index.php\/adultes\/,http:\/\/noemie-walter.fr\/index.php\/maternite\/,http:\/\/noemie-walter.fr\/index.php\/boutchoux\/,http:\/\/noemie-walter.fr\/index.php\/contact\/\"><figure class=\"swiper-slide-inner\"><img decoding=\"async\" class=\"swiper-slide-image\" src=\"https:\/\/noemie-walter.fr\/wp-content\/uploads\/2022\/07\/accueil-menu-bebes_BREE-1.jpg\" alt=\"accueil-menu-bebes_BREE\" \/><\/figure><\/a><\/div><div class=\"swiper-slide\" role=\"group\" aria-roledescription=\"slide\" aria-label=\"7 sur 7\"><a data-elementor-open-lightbox=\"yes\" data-elementor-lightbox-slideshow=\"478df08\" data-elementor-lightbox-title=\"accueil-menu-faisonsconnaissance_BREE\" data-e-action-hash=\"#elementor-action%3Aaction%3Dlightbox%26settings%3DeyJpZCI6MTY2MiwidXJsIjoiaHR0cHM6XC9cL25vZW1pZS13YWx0ZXIuZnJcL3dwLWNvbnRlbnRcL3VwbG9hZHNcLzIwMjNcLzEyXC9hY2N1ZWlsLW1lbnUtZmFpc29uc2Nvbm5haXNzYW5jZV9CUkVFLmpwZyIsInNsaWRlc2hvdyI6IjQ3OGRmMDgifQ%3D%3D\" href=\"http:\/\/noemie-walter.fr\/index.php\/accueil,http:\/\/noemie-walter.fr\/index.php\/mon-histoire\/,http:\/\/noemie-walter.fr\/index.php\/pratique\/,http:\/\/noemie-walter.fr\/index.php\/adultes\/,http:\/\/noemie-walter.fr\/index.php\/maternite\/,http:\/\/noemie-walter.fr\/index.php\/boutchoux\/,http:\/\/noemie-walter.fr\/index.php\/contact\/\"><figure class=\"swiper-slide-inner\"><img decoding=\"async\" class=\"swiper-slide-image\" src=\"https:\/\/noemie-walter.fr\/wp-content\/uploads\/2023\/12\/accueil-menu-faisonsconnaissance_BREE.jpg\" alt=\"accueil-menu-faisonsconnaissance_BREE\" \/><\/figure><\/a><\/div>\t\t\t<\/div>\n\t\t\t\t\t\t\t\t\t\t\t\t<div class=\"elementor-swiper-button elementor-swiper-button-prev\" role=\"button\" tabindex=\"0\">\n\t\t\t\t\t\t<i aria-hidden=\"true\" class=\"eicon-chevron-left\"><\/i>\t\t\t\t\t<\/div>\n\t\t\t\t\t<div class=\"elementor-swiper-button elementor-swiper-button-next\" role=\"button\" tabindex=\"0\">\n\t\t\t\t\t\t<i aria-hidden=\"true\" class=\"eicon-chevron-right\"><\/i>\t\t\t\t\t<\/div>\n\t\t\t\t\n\t\t\t\t\t\t\t\t\t<div class=\"swiper-pagination\"><\/div>\n\t\t\t\t\t\t\t\t\t<\/div>\n\t\t\t\t<\/div>\n\t\t\t\t<\/div>\n\t\t\t\t\t<\/div>\n\t\t<\/div>\n\t\t\t\t\t<\/div>\n\t\t<\/section>\n\t\t\t\t<\/div>\n\t\t","protected":false},"excerpt":{"rendered":"","protected":false},"author":1,"featured_media":0,"parent":0,"menu_order":0,"comment_status":"closed","ping_status":"closed","template":"elementor_header_footer","meta":{"site-sidebar-layout":"no-sidebar","site-content-layout":"page-builder","ast-global-header-display":"","ast-main-header-display":"","ast-hfb-above-header-display":"","ast-hfb-below-header-display":"","ast-hfb-mobile-header-display":"","site-post-title":"disabled","ast-breadcrumbs-content":"","ast-featured-img":"disabled","footer-sml-layout":"","theme-transparent-header-meta":"default","adv-header-id-meta":"","stick-header-meta":"","header-above-stick-meta":"","header-main-stick-meta":"","header-below-stick-meta":"","footnotes":""},"class_list":["post-1124","page","type-page","status-publish","hentry"],"yoast_head":"<!-- This site is optimized with the Yoast SEO plugin v22.9 - https:\/\/yoast.com\/wordpress\/plugins\/seo\/ -->\n<title>Sophrologue - Massoth\u00e9rapeute \u00e0 Bassemberg - Sophrologue - Massoth\u00e9rapeute \u00e0 Bassemberg<\/title>\n<meta name=\"description\" content=\"Vous \u00eates au bon endroit pour prendre soin de vous. No\u00e9mie Walter, sophrologue \u00e0 Sand (Alsace)\" \/>\n<meta name=\"robots\" content=\"index, follow, max-snippet:-1, max-image-preview:large, max-video-preview:-1\" \/>\n<link rel=\"canonical\" href=\"https:\/\/noemie-walter.fr\/\" \/>\n<meta property=\"og:locale\" content=\"fr_FR\" \/>\n<meta property=\"og:type\" content=\"article\" \/>\n<meta property=\"og:title\" content=\"Sophrologue - Massoth\u00e9rapeute \u00e0 Bassemberg - Sophrologue - Massoth\u00e9rapeute \u00e0 Bassemberg\" \/>\n<meta property=\"og:description\" content=\"Vous \u00eates au bon endroit pour prendre soin de vous. No\u00e9mie Walter, sophrologue \u00e0 Sand (Alsace)\" \/>\n<meta property=\"og:url\" content=\"https:\/\/noemie-walter.fr\/\" \/>\n<meta property=\"og:site_name\" content=\"Sophrologue - Massoth\u00e9rapeute \u00e0 Bassemberg\" \/>\n<meta property=\"article:modified_time\" content=\"2023-12-12T11:17:32+00:00\" \/>\n<meta property=\"og:image\" content=\"https:\/\/noemie-walter.fr\/wp-content\/uploads\/2022\/07\/Noemie_bandeau_type_BREE-scaled.jpg\" \/>\n<meta name=\"twitter:card\" content=\"summary_large_image\" \/>\n<meta name=\"twitter:label1\" content=\"Dur\u00e9e de lecture estim\u00e9e\" \/>\n\t<meta name=\"twitter:data1\" content=\"3 minutes\" \/>\n<script type=\"application\/ld+json\" class=\"yoast-schema-graph\">{\"@context\":\"https:\/\/schema.org\",\"@graph\":[{\"@type\":\"WebPage\",\"@id\":\"https:\/\/noemie-walter.fr\/\",\"url\":\"https:\/\/noemie-walter.fr\/\",\"name\":\"Sophrologue - Massoth\u00e9rapeute \u00e0 Bassemberg - Sophrologue - Massoth\u00e9rapeute \u00e0 Bassemberg\",\"isPartOf\":{\"@id\":\"https:\/\/noemie-walter.fr\/#website\"},\"primaryImageOfPage\":{\"@id\":\"https:\/\/noemie-walter.fr\/#primaryimage\"},\"image\":{\"@id\":\"https:\/\/noemie-walter.fr\/#primaryimage\"},\"thumbnailUrl\":\"https:\/\/noemie-walter.fr\/wp-content\/uploads\/2022\/07\/Noemie_bandeau_type_BREE-scaled.jpg\",\"datePublished\":\"2022-05-04T15:49:09+00:00\",\"dateModified\":\"2023-12-12T11:17:32+00:00\",\"description\":\"Vous \u00eates au bon endroit pour prendre soin de vous. No\u00e9mie Walter, sophrologue \u00e0 Sand (Alsace)\",\"breadcrumb\":{\"@id\":\"https:\/\/noemie-walter.fr\/#breadcrumb\"},\"inLanguage\":\"fr-FR\",\"potentialAction\":[{\"@type\":\"ReadAction\",\"target\":[\"https:\/\/noemie-walter.fr\/\"]}]},{\"@type\":\"ImageObject\",\"inLanguage\":\"fr-FR\",\"@id\":\"https:\/\/noemie-walter.fr\/#primaryimage\",\"url\":\"https:\/\/noemie-walter.fr\/wp-content\/uploads\/2022\/07\/Noemie_bandeau_type_BREE-scaled.jpg\",\"contentUrl\":\"https:\/\/noemie-walter.fr\/wp-content\/uploads\/2022\/07\/Noemie_bandeau_type_BREE-scaled.jpg\",\"width\":2560,\"height\":1377,\"caption\":\"A minimalistic composition in the Scandinavian style with dried flowers in a vase and candles.\"},{\"@type\":\"BreadcrumbList\",\"@id\":\"https:\/\/noemie-walter.fr\/#breadcrumb\",\"itemListElement\":[{\"@type\":\"ListItem\",\"position\":1,\"name\":\"Accueil\",\"item\":\"https:\/\/noemie-walter.fr\/\"},{\"@type\":\"ListItem\",\"position\":2,\"name\":\"Sophrologue &#8211; Massoth\u00e9rapeute \u00e0 Bassemberg\"}]},{\"@type\":\"WebSite\",\"@id\":\"https:\/\/noemie-walter.fr\/#website\",\"url\":\"https:\/\/noemie-walter.fr\/\",\"name\":\"Sophrologue - Massoth\u00e9rapeute \u00e0 Bassemberg\",\"description\":\"Sophrologue massoth\u00e9rapeute\",\"publisher\":{\"@id\":\"https:\/\/noemie-walter.fr\/#organization\"},\"potentialAction\":[{\"@type\":\"SearchAction\",\"target\":{\"@type\":\"EntryPoint\",\"urlTemplate\":\"https:\/\/noemie-walter.fr\/?s={search_term_string}\"},\"query-input\":\"required name=search_term_string\"}],\"inLanguage\":\"fr-FR\"},{\"@type\":\"Organization\",\"@id\":\"https:\/\/noemie-walter.fr\/#organization\",\"name\":\"Sophrologue - Massoth\u00e9rapeute \u00e0 Bassemberg\",\"url\":\"https:\/\/noemie-walter.fr\/\",\"logo\":{\"@type\":\"ImageObject\",\"inLanguage\":\"fr-FR\",\"@id\":\"https:\/\/noemie-walter.fr\/#\/schema\/logo\/image\/\",\"url\":\"https:\/\/noemie-walter.fr\/wp-content\/uploads\/2023\/09\/cropped-NWALTER_charte2023.png\",\"contentUrl\":\"https:\/\/noemie-walter.fr\/wp-content\/uploads\/2023\/09\/cropped-NWALTER_charte2023.png\",\"width\":452,\"height\":340,\"caption\":\"Sophrologue - Massoth\u00e9rapeute \u00e0 Bassemberg\"},\"image\":{\"@id\":\"https:\/\/noemie-walter.fr\/#\/schema\/logo\/image\/\"}}]}<\/script>\n<!-- \/ Yoast SEO plugin. -->","yoast_head_json":{"title":"Sophrologue - Massoth\u00e9rapeute \u00e0 Bassemberg - Sophrologue - Massoth\u00e9rapeute \u00e0 Bassemberg","description":"Vous \u00eates au bon endroit pour prendre soin de vous. No\u00e9mie Walter, sophrologue \u00e0 Sand (Alsace)","robots":{"index":"index","follow":"follow","max-snippet":"max-snippet:-1","max-image-preview":"max-image-preview:large","max-video-preview":"max-video-preview:-1"},"canonical":"https:\/\/noemie-walter.fr\/","og_locale":"fr_FR","og_type":"article","og_title":"Sophrologue - Massoth\u00e9rapeute \u00e0 Bassemberg - Sophrologue - Massoth\u00e9rapeute \u00e0 Bassemberg","og_description":"Vous \u00eates au bon endroit pour prendre soin de vous. No\u00e9mie Walter, sophrologue \u00e0 Sand (Alsace)","og_url":"https:\/\/noemie-walter.fr\/","og_site_name":"Sophrologue - Massoth\u00e9rapeute \u00e0 Bassemberg","article_modified_time":"2023-12-12T11:17:32+00:00","og_image":[{"url":"https:\/\/noemie-walter.fr\/wp-content\/uploads\/2022\/07\/Noemie_bandeau_type_BREE-scaled.jpg"}],"twitter_card":"summary_large_image","twitter_misc":{"Dur\u00e9e de lecture estim\u00e9e":"3 minutes"},"schema":{"@context":"https:\/\/schema.org","@graph":[{"@type":"WebPage","@id":"https:\/\/noemie-walter.fr\/","url":"https:\/\/noemie-walter.fr\/","name":"Sophrologue - Massoth\u00e9rapeute \u00e0 Bassemberg - Sophrologue - Massoth\u00e9rapeute \u00e0 Bassemberg","isPartOf":{"@id":"https:\/\/noemie-walter.fr\/#website"},"primaryImageOfPage":{"@id":"https:\/\/noemie-walter.fr\/#primaryimage"},"image":{"@id":"https:\/\/noemie-walter.fr\/#primaryimage"},"thumbnailUrl":"https:\/\/noemie-walter.fr\/wp-content\/uploads\/2022\/07\/Noemie_bandeau_type_BREE-scaled.jpg","datePublished":"2022-05-04T15:49:09+00:00","dateModified":"2023-12-12T11:17:32+00:00","description":"Vous \u00eates au bon endroit pour prendre soin de vous. No\u00e9mie Walter, sophrologue \u00e0 Sand (Alsace)","breadcrumb":{"@id":"https:\/\/noemie-walter.fr\/#breadcrumb"},"inLanguage":"fr-FR","potentialAction":[{"@type":"ReadAction","target":["https:\/\/noemie-walter.fr\/"]}]},{"@type":"ImageObject","inLanguage":"fr-FR","@id":"https:\/\/noemie-walter.fr\/#primaryimage","url":"https:\/\/noemie-walter.fr\/wp-content\/uploads\/2022\/07\/Noemie_bandeau_type_BREE-scaled.jpg","contentUrl":"https:\/\/noemie-walter.fr\/wp-content\/uploads\/2022\/07\/Noemie_bandeau_type_BREE-scaled.jpg","width":2560,"height":1377,"caption":"A minimalistic composition in the Scandinavian style with dried flowers in a vase and candles."},{"@type":"BreadcrumbList","@id":"https:\/\/noemie-walter.fr\/#breadcrumb","itemListElement":[{"@type":"ListItem","position":1,"name":"Accueil","item":"https:\/\/noemie-walter.fr\/"},{"@type":"ListItem","position":2,"name":"Sophrologue &#8211; Massoth\u00e9rapeute \u00e0 Bassemberg"}]},{"@type":"WebSite","@id":"https:\/\/noemie-walter.fr\/#website","url":"https:\/\/noemie-walter.fr\/","name":"Sophrologue - Massoth\u00e9rapeute \u00e0 Bassemberg","description":"Sophrologue massoth\u00e9rapeute","publisher":{"@id":"https:\/\/noemie-walter.fr\/#organization"},"potentialAction":[{"@type":"SearchAction","target":{"@type":"EntryPoint","urlTemplate":"https:\/\/noemie-walter.fr\/?s={search_term_string}"},"query-input":"required name=search_term_string"}],"inLanguage":"fr-FR"},{"@type":"Organization","@id":"https:\/\/noemie-walter.fr\/#organization","name":"Sophrologue - Massoth\u00e9rapeute \u00e0 Bassemberg","url":"https:\/\/noemie-walter.fr\/","logo":{"@type":"ImageObject","inLanguage":"fr-FR","@id":"https:\/\/noemie-walter.fr\/#\/schema\/logo\/image\/","url":"https:\/\/noemie-walter.fr\/wp-content\/uploads\/2023\/09\/cropped-NWALTER_charte2023.png","contentUrl":"https:\/\/noemie-walter.fr\/wp-content\/uploads\/2023\/09\/cropped-NWALTER_charte2023.png","width":452,"height":340,"caption":"Sophrologue - Massoth\u00e9rapeute \u00e0 Bassemberg"},"image":{"@id":"https:\/\/noemie-walter.fr\/#\/schema\/logo\/image\/"}}]}},"_links":{"self":[{"href":"https:\/\/noemie-walter.fr\/index.php\/wp-json\/wp\/v2\/pages\/1124","targetHints":{"allow":["GET"]}}],"collection":[{"href":"https:\/\/noemie-walter.fr\/index.php\/wp-json\/wp\/v2\/pages"}],"about":[{"href":"https:\/\/noemie-walter.fr\/index.php\/wp-json\/wp\/v2\/types\/page"}],"author":[{"embeddable":true,"href":"https:\/\/noemie-walter.fr\/index.php\/wp-json\/wp\/v2\/users\/1"}],"replies":[{"embeddable":true,"href":"https:\/\/noemie-walter.fr\/index.php\/wp-json\/wp\/v2\/comments?post=1124"}],"version-history":[{"count":0,"href":"https:\/\/noemie-walter.fr\/index.php\/wp-json\/wp\/v2\/pages\/1124\/revisions"}],"wp:attachment":[{"href":"https:\/\/noemie-walter.fr\/index.php\/wp-json\/wp\/v2\/media?parent=1124"}],"curies":[{"name":"wp","href":"https:\/\/api.w.org\/{rel}","templated":true}]}}